{"id":566,"date":"2021-08-05T00:44:56","date_gmt":"2021-08-05T00:44:56","guid":{"rendered":"https:\/\/nilsonlaw.com\/?page_id=566"},"modified":"2021-11-19T21:27:49","modified_gmt":"2021-11-19T21:27:49","slug":"announcements","status":"publish","type":"page","link":"https:\/\/nilsonlaw.com\/fr\/blog\/announcements\/","title":{"rendered":"Annonces"},"content":{"rendered":"<div class=\"wpb-content-wrapper\"><p>[vc_row][vc_column width=\u00a0\u00bb1\/6&Prime; tablet_sm_width=\u00a0\u00bbhide\u00a0\u00bb mobile_width=\u00a0\u00bbhide\u00a0\u00bb][\/vc_column][vc_column width=\u00a0\u00bb2\/3&Prime;]\t\t<div class=\"grve-element grve-blog grve-blog-small grve-non-isotope\" style=\"\" >\r\n\t\t\t<div class=\"grve-standard-container\">\r\n\t\t\t<article class=\"grve-blog-item grve-small-post grve-non-isotope-item post-1046 post type-post status-publish format-standard has-post-thumbnail hentry category-announcements-fr category-blog-fr tag-doing-business-in-the-us\" itemscope itemType=\"http:\/\/schema.org\/BlogPosting\">\r\n\t\t\t\t<div class=\"grve-blog-item-inner grve-isotope-item-inner\">\r\n\t\t\t\t\t\t\t\t\t\t\t\t\t<div class=\"grve-media\">\r\n\t\t\t<a class=\"grve-item-url\" href=\"https:\/\/nilsonlaw.com\/fr\/building-bridges-to-the-usa-selectusa-roadshow-2025\/\" aria-label=\"Building Bridges to the USA\/SelectUSA Roadshow 2025\"><\/a>\r\n\t\t\t<img loading=\"lazy\" decoding=\"async\" width=\"560\" height=\"420\" src=\"https:\/\/nilsonlaw.com\/wp-content\/uploads\/2025\/03\/DN-Building-Bridges-to-the-USA-SelectUSA-Roadshow-2025-560x420.jpg\" class=\"attachment-movedo-grve-small-rect-horizontal size-movedo-grve-small-rect-horizontal wp-post-image\" alt=\"Deborah Nilson-Building Bridges to the USA SelectUSA Roadshow 2025\" \/>\t\t\t<div class=\"grve-bg-black grve-hover-overlay grve-opacity-10\"><\/div>\r\n\t\t<\/div>\r\n\t\t\t\t\t\t<div class=\"grve-post-content-wrapper\">\r\n\t\t\t\t\t\t\t<div class=\"grve-post-content\">\r\n\t\t\t\t\t\t\t\t<div class=\"grve-post-header\">\r\n\t\t\t\t\t\t\t\t\t\t\t\t\t\t\t\t\t\t\t\t<span class=\"grve-hidden\">\r\n\t\t\t<span class=\"grve-structured-data entry-title\">Building Bridges to the USA\/SelectUSA Roadshow 2025<\/span>\r\n\t\t\t<span class=\"grve-structured-data\" itemprop=\"image\" itemscope itemtype=\"http:\/\/schema.org\/ImageObject\">\r\n\t\t\t   <span itemprop='url' >https:\/\/nilsonlaw.com\/wp-content\/uploads\/2025\/03\/DN-Building-Bridges-to-the-USA-SelectUSA-Roadshow-2025.jpg<\/span>\r\n\t\t\t   <span itemprop='height' >576<\/span>\r\n\t\t\t   <span itemprop='width' >864<\/span>\r\n\t\t\t<\/span>\r\n\t\t\t\t\t\t<span class=\"grve-structured-data vcard author\" itemprop=\"author\" itemscope itemtype=\"http:\/\/schema.org\/Person\">\r\n\t\t\t\t<span itemprop=\"name\" class=\"fn\">Deborah Ann Nilson<\/span>\r\n\t\t\t<\/span>\r\n\t\t\t<span class=\"grve-structured-data\" itemprop=\"publisher\" itemscope itemtype=\"http:\/\/schema.org\/Organization\">\r\n\t\t\t\t<span itemprop='name'>Deborah Ann Nilson<\/span>\r\n\t\t\t\t<span itemprop='logo' itemscope itemtype='http:\/\/schema.org\/ImageObject'>\r\n\t\t\t\t\t<span itemprop='url'>https:\/\/secure.gravatar.com\/avatar\/601a8238e0862d440c5e51e27821fc85d0bdcf4e5b16a0bba15a00b873832050?s=96&#038;d=mm&#038;r=g<\/span>\r\n\t\t\t\t<\/span>\r\n\t\t\t<\/span>\r\n\t\t\t\t\t\t<time class=\"grve-structured-data date published\" itemprop=\"datePublished\" datetime=\"2025-03-20T20:50:37+00:00\">03\/20\/2025<\/time>\r\n\t\t\t<time class=\"grve-structured-data date updated\" itemprop=\"dateModified\"  datetime=\"2025-03-20T20:52:24+00:00\">03\/20\/2025<\/time>\r\n\t\t\t<span class=\"grve-structured-data\" itemprop=\"mainEntityOfPage\" itemscope itemtype=\"http:\/\/schema.org\/WebPage\" itemid=\"https:\/\/nilsonlaw.com\/fr\/building-bridges-to-the-usa-selectusa-roadshow-2025\/\"><\/span>\r\n\t\t<\/span>\r\n\t\t\t\t\t\t\t\t\t\t\t\t\t\t\t\t\t\t\t\t<ul class=\"grve-post-meta\">\r\n\t\t\t\t\t\t\t\t\t\t\t\t<li class=\"grve-post-author\">\r\n\t\t\t<span>Deborah Ann Nilson<\/span>\r\n\t\t<\/li>\r\n<li class=\"grve-post-date\">\t<time class=\"\" datetime=\"2025-03-20T20:50:37+00:00\">\r\n\t\t03\/20\/2025\t<\/time>\r\n<\/li>\t\t\t\t\t\t\t\t\t\t<\/ul>\r\n\t\t\t\t\t\t\t\t\t\t\t\t\t\t\t\t\t\t\t\t\t\t\t\t\t\t\t<a href=\"https:\/\/nilsonlaw.com\/fr\/building-bridges-to-the-usa-selectusa-roadshow-2025\/\" rel=\"bookmark\"><h3 class=\"grve-post-title grve-post-title-hover grve-h4\" itemprop=\"headline\">Building Bridges to the USA\/SelectUSA Roadshow 2025<\/h3><\/a>\t\t\t\t\t\t\t\t<\/div>\r\n\t\t\t\t\t\t\t\t<div itemprop=\"articleBody\"><p>J\u2019ai eu l\u2019honneur d\u2019intervenir en tant qu\u2019avocate d\u2019affaires lors des panels de Paris, Lille et Lyon, aux c\u00f4t\u00e9s d\u2019experts d\u00e9di\u00e9s \u00e0 accompagner\u2026<\/p><a class=\"grve-read-more grve-link-text grve-heading-color grve-text-hover-primary-1\" href=\"https:\/\/nilsonlaw.com\/fr\/building-bridges-to-the-usa-selectusa-roadshow-2025\/\"><span>lire plus<\/span><\/a><\/div>\t\t\t\t\t\t\t<\/div>\r\n\t\t\t\t\t\t<\/div>\r\n\t\t\t\t\t\r\n\t\t\t\t<\/div>\t\t\t<\/article>\r\n\r\n\t\t\t<article class=\"grve-blog-item grve-small-post grve-non-isotope-item post-907 post type-post status-publish format-standard has-post-thumbnail hentry category-announcements-fr category-blog-fr tag-doing-business-in-the-us\" itemscope itemType=\"http:\/\/schema.org\/BlogPosting\">\r\n\t\t\t\t<div class=\"grve-blog-item-inner grve-isotope-item-inner\">\r\n\t\t\t\t\t\t\t\t\t\t\t\t\t<div class=\"grve-media\">\r\n\t\t\t<a class=\"grve-item-url\" href=\"https:\/\/nilsonlaw.com\/fr\/doing-business-in-the-us\/\" aria-label=\"Votre Business aux U.S: les strategies pour reussir avec Deborah Nilson\"><\/a>\r\n\t\t\t<img loading=\"lazy\" decoding=\"async\" width=\"560\" height=\"420\" src=\"https:\/\/nilsonlaw.com\/wp-content\/uploads\/2022\/01\/DN-Webinar-1-560x420.jpg\" class=\"attachment-movedo-grve-small-rect-horizontal size-movedo-grve-small-rect-horizontal wp-post-image\" alt=\"CIC webinar\" \/>\t\t\t<div class=\"grve-bg-black grve-hover-overlay grve-opacity-10\"><\/div>\r\n\t\t<\/div>\r\n\t\t\t\t\t\t<div class=\"grve-post-content-wrapper\">\r\n\t\t\t\t\t\t\t<div class=\"grve-post-content\">\r\n\t\t\t\t\t\t\t\t<div class=\"grve-post-header\">\r\n\t\t\t\t\t\t\t\t\t\t\t\t\t\t\t\t\t\t\t\t<span class=\"grve-hidden\">\r\n\t\t\t<span class=\"grve-structured-data entry-title\">Votre Business aux U.S: les strategies pour reussir avec Deborah Nilson<\/span>\r\n\t\t\t<span class=\"grve-structured-data\" itemprop=\"image\" itemscope itemtype=\"http:\/\/schema.org\/ImageObject\">\r\n\t\t\t   <span itemprop='url' >https:\/\/nilsonlaw.com\/wp-content\/uploads\/2022\/01\/DN-Webinar-1.jpg<\/span>\r\n\t\t\t   <span itemprop='height' >800<\/span>\r\n\t\t\t   <span itemprop='width' >450<\/span>\r\n\t\t\t<\/span>\r\n\t\t\t\t\t\t<span class=\"grve-structured-data vcard author\" itemprop=\"author\" itemscope itemtype=\"http:\/\/schema.org\/Person\">\r\n\t\t\t\t<span itemprop=\"name\" class=\"fn\">Deborah Ann Nilson<\/span>\r\n\t\t\t<\/span>\r\n\t\t\t<span class=\"grve-structured-data\" itemprop=\"publisher\" itemscope itemtype=\"http:\/\/schema.org\/Organization\">\r\n\t\t\t\t<span itemprop='name'>Deborah Ann Nilson<\/span>\r\n\t\t\t\t<span itemprop='logo' itemscope itemtype='http:\/\/schema.org\/ImageObject'>\r\n\t\t\t\t\t<span itemprop='url'>https:\/\/secure.gravatar.com\/avatar\/601a8238e0862d440c5e51e27821fc85d0bdcf4e5b16a0bba15a00b873832050?s=96&#038;d=mm&#038;r=g<\/span>\r\n\t\t\t\t<\/span>\r\n\t\t\t<\/span>\r\n\t\t\t\t\t\t<time class=\"grve-structured-data date published\" itemprop=\"datePublished\" datetime=\"2022-01-07T21:22:36+00:00\">01\/07\/2022<\/time>\r\n\t\t\t<time class=\"grve-structured-data date updated\" itemprop=\"dateModified\"  datetime=\"2022-04-29T18:21:34+00:00\">04\/29\/2022<\/time>\r\n\t\t\t<span class=\"grve-structured-data\" itemprop=\"mainEntityOfPage\" itemscope itemtype=\"http:\/\/schema.org\/WebPage\" itemid=\"https:\/\/nilsonlaw.com\/fr\/doing-business-in-the-us\/\"><\/span>\r\n\t\t<\/span>\r\n\t\t\t\t\t\t\t\t\t\t\t\t\t\t\t\t\t\t\t\t<ul class=\"grve-post-meta\">\r\n\t\t\t\t\t\t\t\t\t\t\t\t<li class=\"grve-post-author\">\r\n\t\t\t<span>Deborah Ann Nilson<\/span>\r\n\t\t<\/li>\r\n<li class=\"grve-post-date\">\t<time class=\"\" datetime=\"2022-01-07T21:22:36+00:00\">\r\n\t\t01\/07\/2022\t<\/time>\r\n<\/li>\t\t\t\t\t\t\t\t\t\t<\/ul>\r\n\t\t\t\t\t\t\t\t\t\t\t\t\t\t\t\t\t\t\t\t\t\t\t\t\t\t\t<a href=\"https:\/\/nilsonlaw.com\/fr\/doing-business-in-the-us\/\" rel=\"bookmark\"><h3 class=\"grve-post-title grve-post-title-hover grve-h4\" itemprop=\"headline\">Votre Business aux U.S: les strategies pour reussir avec Deborah Nilson<\/h3><\/a>\t\t\t\t\t\t\t\t<\/div>\r\n\t\t\t\t\t\t\t\t<div itemprop=\"articleBody\"><p>Deborah Nilson est ravie d&rsquo;intervenir au webinaire de CIC \u2013 Doing Business in the US &#8211; le mercredi 12 janvier 10 AM\u2026<\/p><a class=\"grve-read-more grve-link-text grve-heading-color grve-text-hover-primary-1\" href=\"https:\/\/nilsonlaw.com\/fr\/doing-business-in-the-us\/\"><span>lire plus<\/span><\/a><\/div>\t\t\t\t\t\t\t<\/div>\r\n\t\t\t\t\t\t<\/div>\r\n\t\t\t\t\t\r\n\t\t\t\t<\/div>\t\t\t<\/article>\r\n\r\n\t\t\t<article class=\"grve-blog-item grve-small-post grve-non-isotope-item post-542 post type-post status-publish format-standard has-post-thumbnail hentry category-announcements-fr category-blog-fr category-articles-fr tag-deborah-ann-nilson-fr tag-kronologie-fr tag-nathalie-gast-fr tag-new-website\" itemscope itemType=\"http:\/\/schema.org\/BlogPosting\">\r\n\t\t\t\t<div class=\"grve-blog-item-inner grve-isotope-item-inner\">\r\n\t\t\t\t\t\t\t\t\t\t\t\t\t<div class=\"grve-media\">\r\n\t\t\t<a class=\"grve-item-url\" href=\"https:\/\/nilsonlaw.com\/fr\/bienvenue-sur-notre-nouveau-site-internet\/\" aria-label=\"Bienvenue sur notre nouveau site internet!\"><\/a>\r\n\t\t\t<img loading=\"lazy\" decoding=\"async\" width=\"560\" height=\"420\" src=\"https:\/\/nilsonlaw.com\/wp-content\/uploads\/2021\/08\/Nilson-Law-New-Website-Blog-Post-560x420.jpg\" class=\"attachment-movedo-grve-small-rect-horizontal size-movedo-grve-small-rect-horizontal wp-post-image\" alt=\"The Nilson Law Group new website\" srcset=\"https:\/\/nilsonlaw.com\/wp-content\/uploads\/2021\/08\/Nilson-Law-New-Website-Blog-Post-560x420.jpg 560w, https:\/\/nilsonlaw.com\/wp-content\/uploads\/2021\/08\/Nilson-Law-New-Website-Blog-Post-900x675.jpg 900w\" sizes=\"auto, (max-width: 560px) 100vw, 560px\" \/>\t\t\t<div class=\"grve-bg-black grve-hover-overlay grve-opacity-10\"><\/div>\r\n\t\t<\/div>\r\n\t\t\t\t\t\t<div class=\"grve-post-content-wrapper\">\r\n\t\t\t\t\t\t\t<div class=\"grve-post-content\">\r\n\t\t\t\t\t\t\t\t<div class=\"grve-post-header\">\r\n\t\t\t\t\t\t\t\t\t\t\t\t\t\t\t\t\t\t\t\t<span class=\"grve-hidden\">\r\n\t\t\t<span class=\"grve-structured-data entry-title\">Bienvenue sur notre nouveau site internet!<\/span>\r\n\t\t\t<span class=\"grve-structured-data\" itemprop=\"image\" itemscope itemtype=\"http:\/\/schema.org\/ImageObject\">\r\n\t\t\t   <span itemprop='url' >https:\/\/nilsonlaw.com\/wp-content\/uploads\/2021\/08\/Nilson-Law-New-Website-Blog-Post.jpg<\/span>\r\n\t\t\t   <span itemprop='height' >1920<\/span>\r\n\t\t\t   <span itemprop='width' >1080<\/span>\r\n\t\t\t<\/span>\r\n\t\t\t\t\t\t<span class=\"grve-structured-data vcard author\" itemprop=\"author\" itemscope itemtype=\"http:\/\/schema.org\/Person\">\r\n\t\t\t\t<span itemprop=\"name\" class=\"fn\">Deborah Ann Nilson<\/span>\r\n\t\t\t<\/span>\r\n\t\t\t<span class=\"grve-structured-data\" itemprop=\"publisher\" itemscope itemtype=\"http:\/\/schema.org\/Organization\">\r\n\t\t\t\t<span itemprop='name'>Deborah Ann Nilson<\/span>\r\n\t\t\t\t<span itemprop='logo' itemscope itemtype='http:\/\/schema.org\/ImageObject'>\r\n\t\t\t\t\t<span itemprop='url'>https:\/\/secure.gravatar.com\/avatar\/601a8238e0862d440c5e51e27821fc85d0bdcf4e5b16a0bba15a00b873832050?s=96&#038;d=mm&#038;r=g<\/span>\r\n\t\t\t\t<\/span>\r\n\t\t\t<\/span>\r\n\t\t\t\t\t\t<time class=\"grve-structured-data date published\" itemprop=\"datePublished\" datetime=\"2021-11-19T04:30:53+00:00\">11\/19\/2021<\/time>\r\n\t\t\t<time class=\"grve-structured-data date updated\" itemprop=\"dateModified\"  datetime=\"2021-12-16T16:42:14+00:00\">12\/16\/2021<\/time>\r\n\t\t\t<span class=\"grve-structured-data\" itemprop=\"mainEntityOfPage\" itemscope itemtype=\"http:\/\/schema.org\/WebPage\" itemid=\"https:\/\/nilsonlaw.com\/fr\/bienvenue-sur-notre-nouveau-site-internet\/\"><\/span>\r\n\t\t<\/span>\r\n\t\t\t\t\t\t\t\t\t\t\t\t\t\t\t\t\t\t\t\t<ul class=\"grve-post-meta\">\r\n\t\t\t\t\t\t\t\t\t\t\t\t<li class=\"grve-post-author\">\r\n\t\t\t<span>Deborah Ann Nilson<\/span>\r\n\t\t<\/li>\r\n<li class=\"grve-post-date\">\t<time class=\"\" datetime=\"2021-11-19T04:30:53+00:00\">\r\n\t\t11\/19\/2021\t<\/time>\r\n<\/li>\t\t\t\t\t\t\t\t\t\t<\/ul>\r\n\t\t\t\t\t\t\t\t\t\t\t\t\t\t\t\t\t\t\t\t\t\t\t\t\t\t\t<a href=\"https:\/\/nilsonlaw.com\/fr\/bienvenue-sur-notre-nouveau-site-internet\/\" rel=\"bookmark\"><h3 class=\"grve-post-title grve-post-title-hover grve-h4\" itemprop=\"headline\">Bienvenue sur notre nouveau site internet!<\/h3><\/a>\t\t\t\t\t\t\t\t<\/div>\r\n\t\t\t\t\t\t\t\t<div itemprop=\"articleBody\"><p>Nous sommes ravis d&rsquo;annoncer que le lancement officiel de notre nouveau site Web est enfin LIVE ! Un grand merci \u00e0 notre\u2026<\/p><a class=\"grve-read-more grve-link-text grve-heading-color grve-text-hover-primary-1\" href=\"https:\/\/nilsonlaw.com\/fr\/bienvenue-sur-notre-nouveau-site-internet\/\"><span>lire plus<\/span><\/a><\/div>\t\t\t\t\t\t\t<\/div>\r\n\t\t\t\t\t\t<\/div>\r\n\t\t\t\t\t\r\n\t\t\t\t<\/div>\t\t\t<\/article>\r\n\r\n\t\t\t<\/div>\r\n\t\t<\/div>\r\n[\/vc_column][vc_column width=\u00a0\u00bb1\/6&Prime; tablet_sm_width=\u00a0\u00bbhide\u00a0\u00bb mobile_width=\u00a0\u00bbhide\u00a0\u00bb][\/vc_column][\/vc_row]<\/p>\n<\/div>","protected":false},"excerpt":{"rendered":"<p>Blog \u2014 Annonces | The Nilson Law Group, PLLC&#8230;<\/p>\n","protected":false},"author":3,"featured_media":0,"parent":559,"menu_order":0,"comment_status":"closed","ping_status":"open","template":"","meta":{"footnotes":""},"class_list":["post-566","page","type-page","status-publish","hentry"],"yoast_head":"<!-- This site is optimized with the Yoast SEO plugin v27.6 - https:\/\/yoast.com\/product\/yoast-seo-wordpress\/ -->\n<title>Annonces - The Nilson Law Group, PLLC<\/title>\n<meta name=\"description\" content=\"Blog \u2014 Annonces | The Nilson Law Group, PLLC...\" \/>\n<meta name=\"robots\" content=\"index, follow, max-snippet:-1, max-image-preview:large, max-video-preview:-1\" \/>\n<link rel=\"canonical\" href=\"https:\/\/nilsonlaw.com\/fr\/blog\/announcements\/\" \/>\n<meta property=\"og:locale\" content=\"fr_FR\" \/>\n<meta property=\"og:type\" content=\"article\" \/>\n<meta property=\"og:title\" content=\"Annonces - The Nilson Law Group, PLLC\" \/>\n<meta property=\"og:description\" content=\"Blog \u2014 Annonces | The Nilson Law Group, PLLC...\" \/>\n<meta property=\"og:url\" content=\"https:\/\/nilsonlaw.com\/fr\/blog\/announcements\/\" \/>\n<meta property=\"og:site_name\" content=\"The Nilson Law Group, PLLC\" \/>\n<meta property=\"article:modified_time\" content=\"2021-11-19T21:27:49+00:00\" \/>\n<meta property=\"og:image\" content=\"https:\/\/nilsonlaw.com\/wp-content\/uploads\/2024\/08\/Site-Image-The-Nilson-Law-Group.jpg\" \/>\n\t<meta property=\"og:image:width\" content=\"1200\" \/>\n\t<meta property=\"og:image:height\" content=\"675\" \/>\n\t<meta property=\"og:image:type\" content=\"image\/jpeg\" \/>\n<meta name=\"twitter:card\" content=\"summary_large_image\" \/>\n<meta name=\"twitter:label1\" content=\"Dur\u00e9e de lecture estim\u00e9e\" \/>\n\t<meta name=\"twitter:data1\" content=\"1 minute\" \/>\n<script type=\"application\/ld+json\" class=\"yoast-schema-graph\">{\"@context\":\"https:\\\/\\\/schema.org\",\"@graph\":[{\"@type\":\"WebPage\",\"@id\":\"https:\\\/\\\/nilsonlaw.com\\\/fr\\\/blog\\\/announcements\\\/\",\"url\":\"https:\\\/\\\/nilsonlaw.com\\\/fr\\\/blog\\\/announcements\\\/\",\"name\":\"Annonces - The Nilson Law Group, PLLC\",\"isPartOf\":{\"@id\":\"https:\\\/\\\/nilsonlaw.com\\\/fr\\\/#website\"},\"datePublished\":\"2021-08-05T00:44:56+00:00\",\"dateModified\":\"2021-11-19T21:27:49+00:00\",\"description\":\"Blog \u2014 Annonces | The Nilson Law Group, PLLC...\",\"breadcrumb\":{\"@id\":\"https:\\\/\\\/nilsonlaw.com\\\/fr\\\/blog\\\/announcements\\\/#breadcrumb\"},\"inLanguage\":\"fr-FR\",\"potentialAction\":[{\"@type\":\"ReadAction\",\"target\":[\"https:\\\/\\\/nilsonlaw.com\\\/fr\\\/blog\\\/announcements\\\/\"]}]},{\"@type\":\"BreadcrumbList\",\"@id\":\"https:\\\/\\\/nilsonlaw.com\\\/fr\\\/blog\\\/announcements\\\/#breadcrumb\",\"itemListElement\":[{\"@type\":\"ListItem\",\"position\":1,\"name\":\"Accueil\",\"item\":\"https:\\\/\\\/nilsonlaw.com\\\/fr\\\/\"},{\"@type\":\"ListItem\",\"position\":2,\"name\":\"Blog\",\"item\":\"https:\\\/\\\/nilsonlaw.com\\\/fr\\\/blog\\\/\"},{\"@type\":\"ListItem\",\"position\":3,\"name\":\"Annonces\"}]},{\"@type\":\"WebSite\",\"@id\":\"https:\\\/\\\/nilsonlaw.com\\\/fr\\\/#website\",\"url\":\"https:\\\/\\\/nilsonlaw.com\\\/fr\\\/\",\"name\":\"The Nilson Law Group, PLLC\",\"description\":\"A New York law firm focusing on the creation, acquisition and representation of American subsidiaries of foreign companies.\",\"publisher\":{\"@id\":\"https:\\\/\\\/nilsonlaw.com\\\/fr\\\/#organization\"},\"potentialAction\":[{\"@type\":\"SearchAction\",\"target\":{\"@type\":\"EntryPoint\",\"urlTemplate\":\"https:\\\/\\\/nilsonlaw.com\\\/fr\\\/?s={search_term_string}\"},\"query-input\":{\"@type\":\"PropertyValueSpecification\",\"valueRequired\":true,\"valueName\":\"search_term_string\"}}],\"inLanguage\":\"fr-FR\"},{\"@type\":\"Organization\",\"@id\":\"https:\\\/\\\/nilsonlaw.com\\\/fr\\\/#organization\",\"name\":\"The Nilson Law Group, PLLC\",\"url\":\"https:\\\/\\\/nilsonlaw.com\\\/fr\\\/\",\"logo\":{\"@type\":\"ImageObject\",\"inLanguage\":\"fr-FR\",\"@id\":\"https:\\\/\\\/nilsonlaw.com\\\/fr\\\/#\\\/schema\\\/logo\\\/image\\\/\",\"url\":\"https:\\\/\\\/nilsonlaw.com\\\/wp-content\\\/uploads\\\/2024\\\/08\\\/Organization-Logo-The-Nilson-Law-Group.jpg\",\"contentUrl\":\"https:\\\/\\\/nilsonlaw.com\\\/wp-content\\\/uploads\\\/2024\\\/08\\\/Organization-Logo-The-Nilson-Law-Group.jpg\",\"width\":696,\"height\":696,\"caption\":\"The Nilson Law Group, PLLC\"},\"image\":{\"@id\":\"https:\\\/\\\/nilsonlaw.com\\\/fr\\\/#\\\/schema\\\/logo\\\/image\\\/\"},\"sameAs\":[\"https:\\\/\\\/www.instagram.com\\\/nilsonlawgroup\\\/\",\"https:\\\/\\\/www.linkedin.com\\\/company\\\/deborah-a-nilson-pllc\"]}]}<\/script>\n<!-- \/ Yoast SEO plugin. -->","yoast_head_json":{"title":"Annonces - The Nilson Law Group, PLLC","description":"Blog \u2014 Annonces | The Nilson Law Group, PLLC...","robots":{"index":"index","follow":"follow","max-snippet":"max-snippet:-1","max-image-preview":"max-image-preview:large","max-video-preview":"max-video-preview:-1"},"canonical":"https:\/\/nilsonlaw.com\/fr\/blog\/announcements\/","og_locale":"fr_FR","og_type":"article","og_title":"Annonces - The Nilson Law Group, PLLC","og_description":"Blog \u2014 Annonces | The Nilson Law Group, PLLC...","og_url":"https:\/\/nilsonlaw.com\/fr\/blog\/announcements\/","og_site_name":"The Nilson Law Group, PLLC","article_modified_time":"2021-11-19T21:27:49+00:00","og_image":[{"width":1200,"height":675,"url":"https:\/\/nilsonlaw.com\/wp-content\/uploads\/2024\/08\/Site-Image-The-Nilson-Law-Group.jpg","type":"image\/jpeg"}],"twitter_card":"summary_large_image","twitter_misc":{"Dur\u00e9e de lecture estim\u00e9e":"1 minute"},"schema":{"@context":"https:\/\/schema.org","@graph":[{"@type":"WebPage","@id":"https:\/\/nilsonlaw.com\/fr\/blog\/announcements\/","url":"https:\/\/nilsonlaw.com\/fr\/blog\/announcements\/","name":"Annonces - The Nilson Law Group, PLLC","isPartOf":{"@id":"https:\/\/nilsonlaw.com\/fr\/#website"},"datePublished":"2021-08-05T00:44:56+00:00","dateModified":"2021-11-19T21:27:49+00:00","description":"Blog \u2014 Annonces | The Nilson Law Group, PLLC...","breadcrumb":{"@id":"https:\/\/nilsonlaw.com\/fr\/blog\/announcements\/#breadcrumb"},"inLanguage":"fr-FR","potentialAction":[{"@type":"ReadAction","target":["https:\/\/nilsonlaw.com\/fr\/blog\/announcements\/"]}]},{"@type":"BreadcrumbList","@id":"https:\/\/nilsonlaw.com\/fr\/blog\/announcements\/#breadcrumb","itemListElement":[{"@type":"ListItem","position":1,"name":"Accueil","item":"https:\/\/nilsonlaw.com\/fr\/"},{"@type":"ListItem","position":2,"name":"Blog","item":"https:\/\/nilsonlaw.com\/fr\/blog\/"},{"@type":"ListItem","position":3,"name":"Annonces"}]},{"@type":"WebSite","@id":"https:\/\/nilsonlaw.com\/fr\/#website","url":"https:\/\/nilsonlaw.com\/fr\/","name":"The Nilson Law Group, PLLC","description":"A New York law firm focusing on the creation, acquisition and representation of American subsidiaries of foreign companies.","publisher":{"@id":"https:\/\/nilsonlaw.com\/fr\/#organization"},"potentialAction":[{"@type":"SearchAction","target":{"@type":"EntryPoint","urlTemplate":"https:\/\/nilsonlaw.com\/fr\/?s={search_term_string}"},"query-input":{"@type":"PropertyValueSpecification","valueRequired":true,"valueName":"search_term_string"}}],"inLanguage":"fr-FR"},{"@type":"Organization","@id":"https:\/\/nilsonlaw.com\/fr\/#organization","name":"The Nilson Law Group, PLLC","url":"https:\/\/nilsonlaw.com\/fr\/","logo":{"@type":"ImageObject","inLanguage":"fr-FR","@id":"https:\/\/nilsonlaw.com\/fr\/#\/schema\/logo\/image\/","url":"https:\/\/nilsonlaw.com\/wp-content\/uploads\/2024\/08\/Organization-Logo-The-Nilson-Law-Group.jpg","contentUrl":"https:\/\/nilsonlaw.com\/wp-content\/uploads\/2024\/08\/Organization-Logo-The-Nilson-Law-Group.jpg","width":696,"height":696,"caption":"The Nilson Law Group, PLLC"},"image":{"@id":"https:\/\/nilsonlaw.com\/fr\/#\/schema\/logo\/image\/"},"sameAs":["https:\/\/www.instagram.com\/nilsonlawgroup\/","https:\/\/www.linkedin.com\/company\/deborah-a-nilson-pllc"]}]}},"_links":{"self":[{"href":"https:\/\/nilsonlaw.com\/fr\/wp-json\/wp\/v2\/pages\/566","targetHints":{"allow":["GET"]}}],"collection":[{"href":"https:\/\/nilsonlaw.com\/fr\/wp-json\/wp\/v2\/pages"}],"about":[{"href":"https:\/\/nilsonlaw.com\/fr\/wp-json\/wp\/v2\/types\/page"}],"author":[{"embeddable":true,"href":"https:\/\/nilsonlaw.com\/fr\/wp-json\/wp\/v2\/users\/3"}],"replies":[{"embeddable":true,"href":"https:\/\/nilsonlaw.com\/fr\/wp-json\/wp\/v2\/comments?post=566"}],"version-history":[{"count":0,"href":"https:\/\/nilsonlaw.com\/fr\/wp-json\/wp\/v2\/pages\/566\/revisions"}],"up":[{"embeddable":true,"href":"https:\/\/nilsonlaw.com\/fr\/wp-json\/wp\/v2\/pages\/559"}],"wp:attachment":[{"href":"https:\/\/nilsonlaw.com\/fr\/wp-json\/wp\/v2\/media?parent=566"}],"curies":[{"name":"wp","href":"https:\/\/api.w.org\/{rel}","templated":true}]}}