{"id":441,"date":"2018-03-14T09:58:16","date_gmt":"2018-03-14T09:58:16","guid":{"rendered":"https:\/\/nilsonlaw.com\/nous-contacter\/"},"modified":"2026-04-06T15:04:23","modified_gmt":"2026-04-06T15:04:23","slug":"contact","status":"publish","type":"page","link":"https:\/\/nilsonlaw.com\/fr\/contact\/","title":{"rendered":"Nous Contacter"},"content":{"rendered":"<div class=\"wpb-content-wrapper\"><p>[vc_row section_type=\u00a0\u00bbfullwidth\u00a0\u00bb bg_type=\u00a0\u00bbcolor\u00a0\u00bb padding_top_multiplier=\u00a0\u00bb\u00a0\u00bb padding_bottom_multiplier=\u00a0\u00bb\u00a0\u00bb columns_gap=\u00a0\u00bbnone\u00a0\u00bb bg_color=\u00a0\u00bb#f7f7f7&Prime;][vc_column]<div class=\"grve-element grve-split-content grve-small-size grve-media-left\" style=\" min-height:500px\">  <div class=\"grve-split-wrapper grve-media-wrapper grve-headings-white grve-text-white\">    <div class=\"grve-wrapper-inner\">      <h1 class=\"grve-title grve-align-center grve-heading-color grve-h1 grve-custom-font-1 grve-increase-heading grve-heading-250 grve-split-title grve-split-size-small\"><span>Nous Contacter<\/span><\/h1>    <\/div><div class=\"grve-background-wrapper\">  <div class=\"grve-bg-image grve-bg-image-id-360 grve-bg-center-center\"   style=\"background-image: url(https:\/\/nilsonlaw.com\/wp-content\/uploads\/2021\/08\/Contact-BG-6c.jpg);\"><\/div>  <div class=\"grve-bg-overlay grve-bg-primary-1 grve-opacity-80\"><\/div><\/div>  <\/div>  <div class=\"grve-split-wrapper grve-content-wrapper\">    <div class=\"grve-wrapper-inner\">      <div class=\"grve-title grve-align-center grve-heading-color grve-h1 grve-custom-font-1 grve-increase-heading grve-heading-250 grve-split-title grve-split-size-small\"><span>Nous Contacter<\/span><\/div>    <\/div>  <\/div><\/div>[\/vc_column][\/vc_row][vc_row padding_top_multiplier=\u00a0\u00bb4x\u00a0\u00bb padding_bottom_multiplier=\u00a0\u00bb4x\u00a0\u00bb][vc_column width=\u00a0\u00bb1\/4&Prime;][\/vc_column][vc_column width=\u00a0\u00bb1\/2&Prime;]<h2 class=\"grve-element grve-title grve-align-center grve-link-text\" style=\"margin-bottom: 6px;\"><span><span style=\"color: #4cb9b7;\">\u00cates-vous pr\u00eat \u00e0 parler?<\/span><\/span><\/h2><h3 class=\"grve-element grve-title grve-align-center grve-h3\" style=\"\"><span>Nous avons h\u00e2te de<br \/>\ntravailler avec vous\u200b.<\/span><\/h3><div class=\"grve-empty-space grve-height-1x\" style=\"\"><\/div>\n<div class=\"wpcf7 no-js\" id=\"wpcf7-f593-o1\" lang=\"fr-FR\" dir=\"ltr\">\n<div class=\"screen-reader-response\"><p role=\"status\" aria-live=\"polite\" aria-atomic=\"true\"><\/p> <ul><\/ul><\/div>\n<form action=\"\/fr\/wp-json\/wp\/v2\/pages\/441#wpcf7-f593-o1\" method=\"post\" class=\"wpcf7-form init\" aria-label=\"Formulaire de contact\" novalidate=\"novalidate\" data-status=\"init\">\n<div style=\"display: none;\">\n<input type=\"hidden\" name=\"_wpcf7\" value=\"593\" \/>\n<input type=\"hidden\" name=\"_wpcf7_version\" value=\"5.9.8\" \/>\n<input type=\"hidden\" name=\"_wpcf7_locale\" value=\"fr_FR\" \/>\n<input type=\"hidden\" name=\"_wpcf7_unit_tag\" value=\"wpcf7-f593-o1\" \/>\n<input type=\"hidden\" name=\"_wpcf7_container_post\" value=\"0\" \/>\n<input type=\"hidden\" name=\"_wpcf7_posted_data_hash\" value=\"\" \/>\n<\/div>\n<div class=\"grve-form\">\n\t<div class=\"grve-fields-wrapper\">\n\t\t<div class=\"grve-one-half\">\n\t\t\t<p><label>Pr\u00e9nom<span class=\"wpcf7-form-control-wrap\" data-name=\"first-name\"><input size=\"40\" maxlength=\"400\" class=\"wpcf7-form-control wpcf7-text\" aria-invalid=\"false\" value=\"\" type=\"text\" name=\"first-name\" \/><\/span><\/label>\n\t\t\t<\/p>\n\t\t<\/div>\n\t\t<div class=\"grve-one-half grve-last-column\">\n\t\t\t<p><label>Nom de Famille <span class=\"wpcf7-form-control-wrap\" data-name=\"last-name\"><input size=\"40\" maxlength=\"400\" class=\"wpcf7-form-control wpcf7-text\" aria-invalid=\"false\" value=\"\" type=\"text\" name=\"last-name\" \/><\/span><\/label>\n\t\t\t<\/p>\n\t\t<\/div>\n\t\t<div class=\"grve-one-half\">\n\t\t\t<p><label>Votre e-mail (requis)\u200b <span class=\"wpcf7-form-control-wrap\" data-name=\"your-email\"><input size=\"40\" maxlength=\"400\" class=\"wpcf7-form-control wpcf7-email wpcf7-validates-as-required wpcf7-text wpcf7-validates-as-email\" aria-required=\"true\" aria-invalid=\"false\" value=\"\" type=\"email\" name=\"your-email\" \/><\/span><\/label>\n\t\t\t<\/p>\n\t\t<\/div>\n\t\t<div class=\"grve-one-half grve-last-column\">\n\t\t\t<p><label>Num\u00e9ro de t\u00e9l\u00e9phone <span class=\"wpcf7-form-control-wrap\" data-name=\"your-phone\"><input size=\"40\" maxlength=\"400\" class=\"wpcf7-form-control wpcf7-tel wpcf7-text wpcf7-validates-as-tel\" aria-invalid=\"false\" value=\"\" type=\"tel\" name=\"your-phone\" \/><\/span><\/label>\n\t\t\t<\/p>\n\t\t<\/div>\n\t\t<div class=\"grve-one-half\">\n\t\t\t<p><label>Nom de la Compagnie \u200b <span class=\"wpcf7-form-control-wrap\" data-name=\"your-company\"><input size=\"40\" maxlength=\"400\" class=\"wpcf7-form-control wpcf7-text\" aria-invalid=\"false\" value=\"\" type=\"text\" name=\"your-company\" \/><\/span><\/label>\n\t\t\t<\/p>\n\t\t<\/div>\n\t\t<div class=\"grve-one-half grve-last-column\">\n\t\t\t<p><label>Site Internet de la Compagnie\u200b <span class=\"wpcf7-form-control-wrap\" data-name=\"your-website\"><input size=\"40\" maxlength=\"400\" class=\"wpcf7-form-control wpcf7-text\" aria-invalid=\"false\" value=\"\" type=\"text\" name=\"your-website\" \/><\/span><\/label>\n\t\t\t<\/p>\n\t\t<\/div>\n\t\t<div>\n\t\t\t<p><label>Motif de Contact <span class=\"wpcf7-form-control-wrap\" data-name=\"your-subject\"><select class=\"wpcf7-form-control wpcf7-select wpcf7-validates-as-required\" aria-required=\"true\" aria-invalid=\"false\" name=\"your-subject\"><option value=\"\">&#8212;Veuillez choisir une option&#8212;<\/option><option value=\"Demander un entretien\">Demander un entretien<\/option><option value=\"Demander une information\">Demander une information<\/option><option value=\"Commentaires sur le site web\">Commentaires sur le site web<\/option><option value=\"Autres\">Autres<\/option><\/select><\/span><\/label>\n\t\t\t<\/p>\n\t\t<\/div>\n\t\t<div>\n\t\t\t<p><label>Votre Message <span class=\"wpcf7-form-control-wrap\" data-name=\"your-message\"><textarea cols=\"40\" rows=\"10\" maxlength=\"2000\" class=\"wpcf7-form-control wpcf7-textarea\" aria-invalid=\"false\" name=\"your-message\"><\/textarea><\/span><\/label>\n\t\t\t<\/p>\n\t\t<\/div>\n\t\t<div class=\"grve-align-center\">\n\t\t\t<p><input class=\"wpcf7-form-control wpcf7-submit has-spinner\" type=\"submit\" value=\"SOUMETTRE LE MESSAGE\" \/>\n\t\t\t<\/p>\n\t\t<\/div>\n\t<\/div>\n<\/div><div class=\"wpcf7-response-output\" aria-hidden=\"true\"><\/div>\n<\/form>\n<\/div>\n[\/vc_column][vc_column width=\u00a0\u00bb1\/4&Prime;][\/vc_column][\/vc_row][vc_row padding_top_multiplier=\u00a0\u00bb\u00a0\u00bb padding_bottom_multiplier=\u00a0\u00bb4x\u00a0\u00bb columns_gap=\u00a0\u00bbnone\u00a0\u00bb equal_column_height=\u00a0\u00bbmiddle-content\u00a0\u00bb][vc_column width=\u00a0\u00bb1\/2&Prime; tablet_sm_width=\u00a0\u00bb1&Prime; heading_color=\u00a0\u00bblight\u00a0\u00bb clipping_animation=\u00a0\u00bbcolored-clipping-right\u00a0\u00bb clipping_animation_colors=\u00a0\u00bbprimary-2&Prime; animation_delay=\u00a0\u00bb600&Prime; css=\u00a0\u00bb.vc_custom_1628132764536{padding-top: 25% !important;padding-right: 25% !important;padding-bottom: 25% !important;padding-left: 25% !important;background-color: #4cb9b7 !important;}\u00a0\u00bb font_color=\u00a0\u00bb#ffffff\u00a0\u00bb]<h2 class=\"grve-element grve-title grve-align-center grve-h3\" style=\"\"><span>Notre Bureau<\/span><\/h2>[vc_column_text css=\u00a0\u00bb\u00a0\u00bb]<\/p>\n<h6 style=\"text-align: center;\">275 Madison Avenue, 38th Floor<br \/>\nNew York, NY 10016<\/h6>\n<p>[\/vc_column_text]<div class=\"grve-empty-space grve-height-1x\" style=\"\"><\/div>[vc_column_text]<\/p>\n<h6 style=\"text-align: center;\">T\u00e9l\u00e9phone: (212) 687-1155<br \/>\nE-mail: info@nilsonlaw.com<\/h6>\n<p>[\/vc_column_text][\/vc_column][vc_column width=\u00a0\u00bb1\/2&Prime; tablet_sm_width=\u00a0\u00bb1&Prime; heading_color=\u00a0\u00bblight\u00a0\u00bb clipping_animation=\u00a0\u00bbcolored-clipping-left\u00a0\u00bb clipping_animation_colors=\u00a0\u00bbprimary-1&Prime; animation_delay=\u00a0\u00bb600&Prime; css=\u00a0\u00bb.vc_custom_1521102867757{padding-top: 25% !important;padding-right: 25% !important;padding-bottom: 25% !important;padding-left: 25% !important;background-color: #121722 !important;}\u00a0\u00bb font_color=\u00a0\u00bb#ffffff\u00a0\u00bb]<div class=\"grve-element grve-image grve-align-center\" style=\"margin-bottom: 30px;\">  <div class=\"grve-image-wrapper\"><img loading=\"lazy\" decoding=\"async\" width=\"89\" height=\"89\" src=\"https:\/\/nilsonlaw.com\/wp-content\/uploads\/2021\/08\/contact-intro.png\" class=\"attachment-full size-full\" alt=\"Contact intro icon\" srcset=\"https:\/\/nilsonlaw.com\/wp-content\/uploads\/2021\/08\/contact-intro.png 1x,https:\/\/nilsonlaw.com\/wp-content\/uploads\/2021\/08\/contact-intro-2x.png 2x\" \/>   <\/div><\/div><h3 class=\"grve-element grve-title grve-align-center grve-h6\" style=\"margin-bottom: 6px;\"><span>Comment nous trouver<\/span><\/h3>[vc_column_text css=\u00a0\u00bb\u00a0\u00bb]<\/p>\n<p style=\"text-align: center;\">Nos bureaux se situent sur la 40\u00e8me rue, entre Madison Avenue et Park Avenue, \u00e0 quelques blocs de la gare \u00ab Grand Central \u00bb.<\/p>\n<p>[\/vc_column_text][\/vc_column][\/vc_row]<\/p>\n<\/div>","protected":false},"excerpt":{"rendered":"<p>Nous Contacter | \u00cates-vous pr\u00eat \u00e0 parler? Nous avons h\u00e2te detravailler avec vous\u200b.<\/p>\n","protected":false},"author":3,"featured_media":444,"parent":0,"menu_order":0,"comment_status":"closed","ping_status":"closed","template":"","meta":{"footnotes":""},"class_list":["post-441","page","type-page","status-publish","has-post-thumbnail","hentry"],"yoast_head":"<!-- This site is optimized with the Yoast SEO plugin v27.3 - https:\/\/yoast.com\/product\/yoast-seo-wordpress\/ -->\n<title>Nous Contacter - The Nilson Law Group, PLLC<\/title>\n<meta name=\"description\" content=\"Nous Contacter | \u00cates-vous pr\u00eat \u00e0 parler? Nous avons h\u00e2te detravailler avec vous\u200b.\" \/>\n<meta name=\"robots\" content=\"index, follow, max-snippet:-1, max-image-preview:large, max-video-preview:-1\" \/>\n<link rel=\"canonical\" href=\"https:\/\/nilsonlaw.com\/fr\/contact\/\" \/>\n<meta property=\"og:locale\" content=\"fr_FR\" \/>\n<meta property=\"og:type\" content=\"article\" \/>\n<meta property=\"og:title\" content=\"Nous Contacter - The Nilson Law Group, PLLC\" \/>\n<meta property=\"og:description\" content=\"Nous Contacter | \u00cates-vous pr\u00eat \u00e0 parler? Nous avons h\u00e2te detravailler avec vous\u200b.\" \/>\n<meta property=\"og:url\" content=\"https:\/\/nilsonlaw.com\/fr\/contact\/\" \/>\n<meta property=\"og:site_name\" content=\"The Nilson Law Group, PLLC\" \/>\n<meta property=\"article:modified_time\" content=\"2026-04-06T15:04:23+00:00\" \/>\n<meta property=\"og:image\" content=\"https:\/\/nilsonlaw.com\/wp-content\/uploads\/2021\/08\/Contact-BG-6.jpg\" \/>\n\t<meta property=\"og:image:width\" content=\"1920\" \/>\n\t<meta property=\"og:image:height\" content=\"1512\" \/>\n\t<meta property=\"og:image:type\" content=\"image\/jpeg\" \/>\n<meta name=\"twitter:card\" content=\"summary_large_image\" \/>\n<meta name=\"twitter:label1\" content=\"Dur\u00e9e de lecture estim\u00e9e\" \/>\n\t<meta name=\"twitter:data1\" content=\"2 minutes\" \/>\n<script type=\"application\/ld+json\" class=\"yoast-schema-graph\">{\"@context\":\"https:\\\/\\\/schema.org\",\"@graph\":[{\"@type\":\"WebPage\",\"@id\":\"https:\\\/\\\/nilsonlaw.com\\\/fr\\\/contact\\\/\",\"url\":\"https:\\\/\\\/nilsonlaw.com\\\/fr\\\/contact\\\/\",\"name\":\"Nous Contacter - The Nilson Law Group, PLLC\",\"isPartOf\":{\"@id\":\"https:\\\/\\\/nilsonlaw.com\\\/fr\\\/#website\"},\"primaryImageOfPage\":{\"@id\":\"https:\\\/\\\/nilsonlaw.com\\\/fr\\\/contact\\\/#primaryimage\"},\"image\":{\"@id\":\"https:\\\/\\\/nilsonlaw.com\\\/fr\\\/contact\\\/#primaryimage\"},\"thumbnailUrl\":\"https:\\\/\\\/nilsonlaw.com\\\/wp-content\\\/uploads\\\/2021\\\/08\\\/Contact-BG-6.jpg\",\"datePublished\":\"2018-03-14T09:58:16+00:00\",\"dateModified\":\"2026-04-06T15:04:23+00:00\",\"description\":\"Nous Contacter | \u00cates-vous pr\u00eat \u00e0 parler? Nous avons h\u00e2te detravailler avec vous\u200b.\",\"breadcrumb\":{\"@id\":\"https:\\\/\\\/nilsonlaw.com\\\/fr\\\/contact\\\/#breadcrumb\"},\"inLanguage\":\"fr-FR\",\"potentialAction\":[{\"@type\":\"ReadAction\",\"target\":[\"https:\\\/\\\/nilsonlaw.com\\\/fr\\\/contact\\\/\"]}]},{\"@type\":\"ImageObject\",\"inLanguage\":\"fr-FR\",\"@id\":\"https:\\\/\\\/nilsonlaw.com\\\/fr\\\/contact\\\/#primaryimage\",\"url\":\"https:\\\/\\\/nilsonlaw.com\\\/wp-content\\\/uploads\\\/2021\\\/08\\\/Contact-BG-6.jpg\",\"contentUrl\":\"https:\\\/\\\/nilsonlaw.com\\\/wp-content\\\/uploads\\\/2021\\\/08\\\/Contact-BG-6.jpg\",\"width\":1920,\"height\":1512,\"caption\":\"Woman on the phone in Paris\"},{\"@type\":\"BreadcrumbList\",\"@id\":\"https:\\\/\\\/nilsonlaw.com\\\/fr\\\/contact\\\/#breadcrumb\",\"itemListElement\":[{\"@type\":\"ListItem\",\"position\":1,\"name\":\"Accueil\",\"item\":\"https:\\\/\\\/nilsonlaw.com\\\/fr\\\/\"},{\"@type\":\"ListItem\",\"position\":2,\"name\":\"Nous Contacter\"}]},{\"@type\":\"WebSite\",\"@id\":\"https:\\\/\\\/nilsonlaw.com\\\/fr\\\/#website\",\"url\":\"https:\\\/\\\/nilsonlaw.com\\\/fr\\\/\",\"name\":\"The Nilson Law Group, PLLC\",\"description\":\"A New York law firm focusing on the creation, acquisition and representation of American subsidiaries of foreign companies.\",\"publisher\":{\"@id\":\"https:\\\/\\\/nilsonlaw.com\\\/fr\\\/#organization\"},\"potentialAction\":[{\"@type\":\"SearchAction\",\"target\":{\"@type\":\"EntryPoint\",\"urlTemplate\":\"https:\\\/\\\/nilsonlaw.com\\\/fr\\\/?s={search_term_string}\"},\"query-input\":{\"@type\":\"PropertyValueSpecification\",\"valueRequired\":true,\"valueName\":\"search_term_string\"}}],\"inLanguage\":\"fr-FR\"},{\"@type\":\"Organization\",\"@id\":\"https:\\\/\\\/nilsonlaw.com\\\/fr\\\/#organization\",\"name\":\"The Nilson Law Group, PLLC\",\"url\":\"https:\\\/\\\/nilsonlaw.com\\\/fr\\\/\",\"logo\":{\"@type\":\"ImageObject\",\"inLanguage\":\"fr-FR\",\"@id\":\"https:\\\/\\\/nilsonlaw.com\\\/fr\\\/#\\\/schema\\\/logo\\\/image\\\/\",\"url\":\"https:\\\/\\\/nilsonlaw.com\\\/wp-content\\\/uploads\\\/2024\\\/08\\\/Organization-Logo-The-Nilson-Law-Group.jpg\",\"contentUrl\":\"https:\\\/\\\/nilsonlaw.com\\\/wp-content\\\/uploads\\\/2024\\\/08\\\/Organization-Logo-The-Nilson-Law-Group.jpg\",\"width\":696,\"height\":696,\"caption\":\"The Nilson Law Group, PLLC\"},\"image\":{\"@id\":\"https:\\\/\\\/nilsonlaw.com\\\/fr\\\/#\\\/schema\\\/logo\\\/image\\\/\"},\"sameAs\":[\"https:\\\/\\\/www.instagram.com\\\/nilsonlawgroup\\\/\",\"https:\\\/\\\/www.linkedin.com\\\/company\\\/deborah-a-nilson-pllc\"]}]}<\/script>\n<!-- \/ Yoast SEO plugin. -->","yoast_head_json":{"title":"Nous Contacter - The Nilson Law Group, PLLC","description":"Nous Contacter | \u00cates-vous pr\u00eat \u00e0 parler? Nous avons h\u00e2te detravailler avec vous\u200b.","robots":{"index":"index","follow":"follow","max-snippet":"max-snippet:-1","max-image-preview":"max-image-preview:large","max-video-preview":"max-video-preview:-1"},"canonical":"https:\/\/nilsonlaw.com\/fr\/contact\/","og_locale":"fr_FR","og_type":"article","og_title":"Nous Contacter - The Nilson Law Group, PLLC","og_description":"Nous Contacter | \u00cates-vous pr\u00eat \u00e0 parler? Nous avons h\u00e2te detravailler avec vous\u200b.","og_url":"https:\/\/nilsonlaw.com\/fr\/contact\/","og_site_name":"The Nilson Law Group, PLLC","article_modified_time":"2026-04-06T15:04:23+00:00","og_image":[{"width":1920,"height":1512,"url":"https:\/\/nilsonlaw.com\/wp-content\/uploads\/2021\/08\/Contact-BG-6.jpg","type":"image\/jpeg"}],"twitter_card":"summary_large_image","twitter_misc":{"Dur\u00e9e de lecture estim\u00e9e":"2 minutes"},"schema":{"@context":"https:\/\/schema.org","@graph":[{"@type":"WebPage","@id":"https:\/\/nilsonlaw.com\/fr\/contact\/","url":"https:\/\/nilsonlaw.com\/fr\/contact\/","name":"Nous Contacter - The Nilson Law Group, PLLC","isPartOf":{"@id":"https:\/\/nilsonlaw.com\/fr\/#website"},"primaryImageOfPage":{"@id":"https:\/\/nilsonlaw.com\/fr\/contact\/#primaryimage"},"image":{"@id":"https:\/\/nilsonlaw.com\/fr\/contact\/#primaryimage"},"thumbnailUrl":"https:\/\/nilsonlaw.com\/wp-content\/uploads\/2021\/08\/Contact-BG-6.jpg","datePublished":"2018-03-14T09:58:16+00:00","dateModified":"2026-04-06T15:04:23+00:00","description":"Nous Contacter | \u00cates-vous pr\u00eat \u00e0 parler? Nous avons h\u00e2te detravailler avec vous\u200b.","breadcrumb":{"@id":"https:\/\/nilsonlaw.com\/fr\/contact\/#breadcrumb"},"inLanguage":"fr-FR","potentialAction":[{"@type":"ReadAction","target":["https:\/\/nilsonlaw.com\/fr\/contact\/"]}]},{"@type":"ImageObject","inLanguage":"fr-FR","@id":"https:\/\/nilsonlaw.com\/fr\/contact\/#primaryimage","url":"https:\/\/nilsonlaw.com\/wp-content\/uploads\/2021\/08\/Contact-BG-6.jpg","contentUrl":"https:\/\/nilsonlaw.com\/wp-content\/uploads\/2021\/08\/Contact-BG-6.jpg","width":1920,"height":1512,"caption":"Woman on the phone in Paris"},{"@type":"BreadcrumbList","@id":"https:\/\/nilsonlaw.com\/fr\/contact\/#breadcrumb","itemListElement":[{"@type":"ListItem","position":1,"name":"Accueil","item":"https:\/\/nilsonlaw.com\/fr\/"},{"@type":"ListItem","position":2,"name":"Nous Contacter"}]},{"@type":"WebSite","@id":"https:\/\/nilsonlaw.com\/fr\/#website","url":"https:\/\/nilsonlaw.com\/fr\/","name":"The Nilson Law Group, PLLC","description":"A New York law firm focusing on the creation, acquisition and representation of American subsidiaries of foreign companies.","publisher":{"@id":"https:\/\/nilsonlaw.com\/fr\/#organization"},"potentialAction":[{"@type":"SearchAction","target":{"@type":"EntryPoint","urlTemplate":"https:\/\/nilsonlaw.com\/fr\/?s={search_term_string}"},"query-input":{"@type":"PropertyValueSpecification","valueRequired":true,"valueName":"search_term_string"}}],"inLanguage":"fr-FR"},{"@type":"Organization","@id":"https:\/\/nilsonlaw.com\/fr\/#organization","name":"The Nilson Law Group, PLLC","url":"https:\/\/nilsonlaw.com\/fr\/","logo":{"@type":"ImageObject","inLanguage":"fr-FR","@id":"https:\/\/nilsonlaw.com\/fr\/#\/schema\/logo\/image\/","url":"https:\/\/nilsonlaw.com\/wp-content\/uploads\/2024\/08\/Organization-Logo-The-Nilson-Law-Group.jpg","contentUrl":"https:\/\/nilsonlaw.com\/wp-content\/uploads\/2024\/08\/Organization-Logo-The-Nilson-Law-Group.jpg","width":696,"height":696,"caption":"The Nilson Law Group, PLLC"},"image":{"@id":"https:\/\/nilsonlaw.com\/fr\/#\/schema\/logo\/image\/"},"sameAs":["https:\/\/www.instagram.com\/nilsonlawgroup\/","https:\/\/www.linkedin.com\/company\/deborah-a-nilson-pllc"]}]}},"_links":{"self":[{"href":"https:\/\/nilsonlaw.com\/fr\/wp-json\/wp\/v2\/pages\/441","targetHints":{"allow":["GET"]}}],"collection":[{"href":"https:\/\/nilsonlaw.com\/fr\/wp-json\/wp\/v2\/pages"}],"about":[{"href":"https:\/\/nilsonlaw.com\/fr\/wp-json\/wp\/v2\/types\/page"}],"author":[{"embeddable":true,"href":"https:\/\/nilsonlaw.com\/fr\/wp-json\/wp\/v2\/users\/3"}],"replies":[{"embeddable":true,"href":"https:\/\/nilsonlaw.com\/fr\/wp-json\/wp\/v2\/comments?post=441"}],"version-history":[{"count":0,"href":"https:\/\/nilsonlaw.com\/fr\/wp-json\/wp\/v2\/pages\/441\/revisions"}],"wp:featuredmedia":[{"embeddable":true,"href":"https:\/\/nilsonlaw.com\/fr\/wp-json\/wp\/v2\/media\/444"}],"wp:attachment":[{"href":"https:\/\/nilsonlaw.com\/fr\/wp-json\/wp\/v2\/media?parent=441"}],"curies":[{"name":"wp","href":"https:\/\/api.w.org\/{rel}","templated":true}]}}